{"id":23015,"date":"2025-01-05T16:16:44","date_gmt":"2025-01-05T16:16:44","guid":{"rendered":"https:\/\/www.yalikavak.com\/?page_id=23015"},"modified":"2025-01-10T14:57:32","modified_gmt":"2025-01-10T14:57:32","slug":"hizmetlerimiz","status":"publish","type":"page","link":"https:\/\/yalikavak.com\/tr\/hizmetlerimiz\/","title":{"rendered":"Hizmetlerimiz"},"content":{"rendered":"\t\t<div data-elementor-type=\"wp-page\" data-elementor-id=\"23015\" class=\"elementor elementor-23015\" data-elementor-post-type=\"page\">\n\t\t\t\t<div class=\"elementor-element elementor-element-f67f397 e-flex e-con-boxed e-con e-parent\" data-id=\"f67f397\" data-element_type=\"container\">\n\t\t\t\t\t<div class=\"e-con-inner\">\n\t\t\t\t<div class=\"elementor-element elementor-element-ff14ae6 elementor-widget elementor-widget-houzez-property-breadcrumb\" data-id=\"ff14ae6\" data-element_type=\"widget\" data-widget_type=\"houzez-property-breadcrumb.default\">\n\t\t\t\t<div class=\"elementor-widget-container\">\n\t\t\t\t\t<div class=\"breadcrumb-wrap\"><ol class=\"breadcrumb\"><li class=\"breadcrumb-item breadcrumb-item-home\"><i class=\"houzez-icon icon-house\"><\/i><a href=\"https:\/\/yalikavak.com\/tr\/\/\">Ev<\/a><\/li><li class=\"breadcrumb-item active\">Sayfalar<\/li><\/ol><\/div>\t\t\t\t<\/div>\n\t\t\t\t<\/div>\n\t\t\t\t\t<\/div>\n\t\t\t\t<\/div>\n\t\t<div class=\"elementor-element elementor-element-c069f15 e-flex e-con-boxed e-con e-parent\" data-id=\"c069f15\" data-element_type=\"container\">\n\t\t\t\t\t<div class=\"e-con-inner\">\n\t\t\t\t<div class=\"elementor-element elementor-element-1af2860 elementor-widget elementor-widget-text-editor\" data-id=\"1af2860\" data-element_type=\"widget\" data-widget_type=\"text-editor.default\">\n\t\t\t\t<div class=\"elementor-widget-container\">\n\t\t\t\t\t\t\t\t\t<h2>Hizmetlerimiz; sizin i\u00e7in buraday\u0131z.<\/h2>\t\t\t\t\t\t\t\t<\/div>\n\t\t\t\t<\/div>\n\t\t\t\t\t<\/div>\n\t\t\t\t<\/div>\n\t\t<div class=\"elementor-element elementor-element-271ff76 e-flex e-con-boxed e-con e-parent\" data-id=\"271ff76\" data-element_type=\"container\">\n\t\t\t\t\t<div class=\"e-con-inner\">\n\t\t\t\t<div class=\"elementor-element elementor-element-b349304 elementor-widget elementor-widget-text-editor\" data-id=\"b349304\" data-element_type=\"widget\" data-widget_type=\"text-editor.default\">\n\t\t\t\t<div class=\"elementor-widget-container\">\n\t\t\t\t\t\t\t\t\t<p>Yalikavak.com, 23 y\u0131ll\u0131k yerel uzmanl\u0131\u011f\u0131yla Yal\u0131kavak b\u00f6lgesinde g\u00fcvenilir bir rehberdir. B\u00f6lgenin inceliklerini bilen ekibimiz, hem ev sahipleri hem de yat\u0131r\u0131mc\u0131lar i\u00e7in do\u011fru \u00e7\u00f6z\u00fcmler sunar. Yerel bilgi birikimimizle, Yal\u0131kavak\u2019ta hayallerinizdeki ya\u015fam\u0131 ger\u00e7e\u011fe d\u00f6n\u00fc\u015ft\u00fcrmek i\u00e7in buraday\u0131z!<\/p>\t\t\t\t\t\t\t\t<\/div>\n\t\t\t\t<\/div>\n\t\t\t\t\t<\/div>\n\t\t\t\t<\/div>\n\t\t<div class=\"elementor-element elementor-element-1fb6a71 e-flex e-con-boxed e-con e-parent\" data-id=\"1fb6a71\" data-element_type=\"container\">\n\t\t\t\t\t<div class=\"e-con-inner\">\n\t\t<div class=\"elementor-element elementor-element-bbd88c1 e-con-full e-flex e-con e-child\" data-id=\"bbd88c1\" data-element_type=\"container\">\n\t\t\t\t<div class=\"elementor-element elementor-element-c424f30 elementor-widget elementor-widget-image\" data-id=\"c424f30\" data-element_type=\"widget\" data-widget_type=\"image.default\">\n\t\t\t\t<div class=\"elementor-widget-container\">\n\t\t\t\t\t\t\t\t\t\t\t\t\t\t\t<img fetchpriority=\"high\" decoding=\"async\" width=\"300\" height=\"200\" src=\"https:\/\/yalikavak.com\/wp-content\/uploads\/2025\/01\/test02-1-300x200.webp\" class=\"attachment-medium size-medium wp-image-23025\" alt=\"\" srcset=\"https:\/\/yalikavak.com\/wp-content\/uploads\/2025\/01\/test02-1-300x200.webp 300w, https:\/\/yalikavak.com\/wp-content\/uploads\/2025\/01\/test02-1.webp 450w\" sizes=\"(max-width: 300px) 100vw, 300px\" \/>\t\t\t\t\t\t\t\t\t\t\t\t\t\t\t<\/div>\n\t\t\t\t<\/div>\n\t\t\t\t<div class=\"elementor-element elementor-element-03b2801 elementor-widget elementor-widget-text-editor\" data-id=\"03b2801\" data-element_type=\"widget\" data-widget_type=\"text-editor.default\">\n\t\t\t\t<div class=\"elementor-widget-container\">\n\t\t\t\t\t\t\t\t\t<h4><strong>Yal\u0131kavak: Evinizi Bulmadan \u00d6nce B\u00f6lgeyi Ke\u015ffedin<\/strong><\/h4><p>Yal\u0131kavak\u2019\u0131 anlamak, burada bir hayat kurman\u0131n ilk ad\u0131m\u0131d\u0131r. \u0130ster b\u00f6lgenin gizli koylar\u0131n\u0131 ke\u015ffetmek isteyin, ister en iyi kahvalt\u0131 mekanlar\u0131n\u0131 \u00f6\u011frenin, biz sizin yan\u0131n\u0131zday\u0131z. B\u00f6lgeye dair her t\u00fcrl\u00fc bilgiyi sizinle payla\u015farak, Yal\u0131kavak\u2019\u0131 daha yak\u0131ndan tan\u0131man\u0131z\u0131 sa\u011fl\u0131yoruz. Bu e\u015fsiz sahil kasabas\u0131nda, kendinizi evinizde hissetmeniz i\u00e7in yan\u0131n\u0131zday\u0131z.<\/p>\t\t\t\t\t\t\t\t<\/div>\n\t\t\t\t<\/div>\n\t\t\t\t<\/div>\n\t\t<div class=\"elementor-element elementor-element-3f263d3 e-con-full e-flex e-con e-child\" data-id=\"3f263d3\" data-element_type=\"container\">\n\t\t\t\t<div class=\"elementor-element elementor-element-9f240ae elementor-widget elementor-widget-image\" data-id=\"9f240ae\" data-element_type=\"widget\" data-widget_type=\"image.default\">\n\t\t\t\t<div class=\"elementor-widget-container\">\n\t\t\t\t\t\t\t\t\t\t\t\t\t\t\t<img decoding=\"async\" width=\"300\" height=\"200\" src=\"https:\/\/yalikavak.com\/wp-content\/uploads\/2025\/01\/18-Water-front-new-brand-villa-for-sale-Bodrum-2273-2-300x200.webp\" class=\"attachment-medium size-medium wp-image-23019\" alt=\"\" srcset=\"https:\/\/yalikavak.com\/wp-content\/uploads\/2025\/01\/18-Water-front-new-brand-villa-for-sale-Bodrum-2273-2-300x200.webp 300w, https:\/\/yalikavak.com\/wp-content\/uploads\/2025\/01\/18-Water-front-new-brand-villa-for-sale-Bodrum-2273-2.webp 450w\" sizes=\"(max-width: 300px) 100vw, 300px\" \/>\t\t\t\t\t\t\t\t\t\t\t\t\t\t\t<\/div>\n\t\t\t\t<\/div>\n\t\t\t\t<div class=\"elementor-element elementor-element-c7e8ab1 elementor-widget elementor-widget-text-editor\" data-id=\"c7e8ab1\" data-element_type=\"widget\" data-widget_type=\"text-editor.default\">\n\t\t\t\t<div class=\"elementor-widget-container\">\n\t\t\t\t\t\t\t\t\t<h4><strong>Evinizi Hak Etti\u011fi De\u011ferde Satman\u0131za Yard\u0131mc\u0131 Oluyoruz<\/strong><\/h4><p>Evinizi satmak b\u00fcy\u00fck bir karard\u0131r, biz bunu biliyoruz. yalikavak.com olarak, bu s\u00fcreci sizin i\u00e7in kolayla\u015ft\u0131r\u0131yoruz. M\u00fclk\u00fcn\u00fcz\u00fcn de\u011ferini do\u011fru belirlemekten uluslararas\u0131 kitlelere ula\u015fmaya kadar her ad\u0131mda yan\u0131n\u0131zday\u0131z. Tek bir hedefimiz var: evinizin ger\u00e7ek de\u011ferini bulmas\u0131 ve sizi mutlu etmesi.<\/p>\t\t\t\t\t\t\t\t<\/div>\n\t\t\t\t<\/div>\n\t\t\t\t<\/div>\n\t\t<div class=\"elementor-element elementor-element-502081a e-con-full e-flex e-con e-child\" data-id=\"502081a\" data-element_type=\"container\">\n\t\t\t\t<div class=\"elementor-element elementor-element-4cd8c3d elementor-widget elementor-widget-image\" data-id=\"4cd8c3d\" data-element_type=\"widget\" data-widget_type=\"image.default\">\n\t\t\t\t<div class=\"elementor-widget-container\">\n\t\t\t\t\t\t\t\t\t\t\t\t\t\t\t<img decoding=\"async\" width=\"300\" height=\"200\" src=\"https:\/\/yalikavak.com\/wp-content\/uploads\/2025\/01\/07-For-sale-sea-view-villas-Bodrum-Yalikavak-2290-300x200.webp\" class=\"attachment-medium size-medium wp-image-23027\" alt=\"\" srcset=\"https:\/\/yalikavak.com\/wp-content\/uploads\/2025\/01\/07-For-sale-sea-view-villas-Bodrum-Yalikavak-2290-300x200.webp 300w, https:\/\/yalikavak.com\/wp-content\/uploads\/2025\/01\/07-For-sale-sea-view-villas-Bodrum-Yalikavak-2290.webp 450w\" sizes=\"(max-width: 300px) 100vw, 300px\" \/>\t\t\t\t\t\t\t\t\t\t\t\t\t\t\t<\/div>\n\t\t\t\t<\/div>\n\t\t\t\t<div class=\"elementor-element elementor-element-50b584f elementor-widget elementor-widget-text-editor\" data-id=\"50b584f\" data-element_type=\"widget\" data-widget_type=\"text-editor.default\">\n\t\t\t\t<div class=\"elementor-widget-container\">\n\t\t\t\t\t\t\t\t\t<h4><strong>Hayalinizdeki Evi Birlikte Bulal\u0131m<\/strong><\/h4><p>Bir evi sat\u0131n almak sadece bir m\u00fclk edinmek de\u011fil, bir ya\u015fam tarz\u0131 se\u00e7mektir. Size en uygun evi bulmak i\u00e7in ihtiya\u00e7lar\u0131n\u0131za ve hayallerinize kulak veriyoruz. Deniz manzaral\u0131 villalardan bah\u00e7eli evlere kadar, her b\u00fct\u00e7eye ve stile uygun se\u00e7enekleri sizinle bulu\u015fturuyoruz. Hayallerinizdeki hayat, Yal\u0131kavak\u2019ta ba\u015flas\u0131n!<\/p>\t\t\t\t\t\t\t\t<\/div>\n\t\t\t\t<\/div>\n\t\t\t\t<\/div>\n\t\t<div class=\"elementor-element elementor-element-96426ff e-con-full e-flex e-con e-child\" data-id=\"96426ff\" data-element_type=\"container\">\n\t\t\t\t<div class=\"elementor-element elementor-element-707b493 elementor-widget elementor-widget-image\" data-id=\"707b493\" data-element_type=\"widget\" data-widget_type=\"image.default\">\n\t\t\t\t<div class=\"elementor-widget-container\">\n\t\t\t\t\t\t\t\t\t\t\t\t\t\t\t<img loading=\"lazy\" decoding=\"async\" width=\"300\" height=\"200\" src=\"https:\/\/yalikavak.com\/wp-content\/uploads\/2025\/01\/YalikavakMarina-1-300x200.webp\" class=\"attachment-medium size-medium wp-image-23029\" alt=\"\" srcset=\"https:\/\/yalikavak.com\/wp-content\/uploads\/2025\/01\/YalikavakMarina-1-300x200.webp 300w, https:\/\/yalikavak.com\/wp-content\/uploads\/2025\/01\/YalikavakMarina-1.webp 450w\" sizes=\"(max-width: 300px) 100vw, 300px\" \/>\t\t\t\t\t\t\t\t\t\t\t\t\t\t\t<\/div>\n\t\t\t\t<\/div>\n\t\t\t\t<div class=\"elementor-element elementor-element-52fec8f elementor-widget elementor-widget-text-editor\" data-id=\"52fec8f\" data-element_type=\"widget\" data-widget_type=\"text-editor.default\">\n\t\t\t\t<div class=\"elementor-widget-container\">\n\t\t\t\t\t\t\t\t\t<h4><strong>Yat\u0131r\u0131m\u0131n\u0131z De\u011fil, Gelece\u011finiz<\/strong><\/h4><p>Yal\u0131kavak, T\u00fcrkiye\u2019nin en g\u00f6zde yat\u0131r\u0131m b\u00f6lgelerinden biri. Biz sadece bir m\u00fclk bulmakla kalm\u0131yor, uzun vadeli kazan\u00e7 sa\u011flayacak do\u011fru f\u0131rsatlar\u0131 belirliyoruz. Sizin i\u00e7in g\u00fcvenli, de\u011ferli ve kazan\u00e7l\u0131 yat\u0131r\u0131mlar\u0131 ke\u015ffetmeye haz\u0131r\u0131z. Yal\u0131kavak\u2019ta, yat\u0131r\u0131mlar\u0131n\u0131z hayalinizden daha fazlas\u0131 olabilir.<\/p>\t\t\t\t\t\t\t\t<\/div>\n\t\t\t\t<\/div>\n\t\t\t\t<\/div>\n\t\t\t\t\t<\/div>\n\t\t\t\t<\/div>\n\t\t<div class=\"elementor-element elementor-element-582d1208 e-flex e-con-boxed e-con e-parent\" data-id=\"582d1208\" data-element_type=\"container\">\n\t\t\t\t\t<div class=\"e-con-inner\">\n\t\t\t\t<div class=\"elementor-element elementor-element-5097f5af elementor-widget elementor-widget-text-editor\" data-id=\"5097f5af\" data-element_type=\"widget\" data-widget_type=\"text-editor.default\">\n\t\t\t\t<div class=\"elementor-widget-container\">\n\t\t\t\t\t\t\t\t\t<h3>\u00a0<strong style=\"text-transform: inherit; text-align: var(--text-align); font-size: 1.75rem;\">\u0130lginizi \u00c7ekti Mi?<\/strong><\/h3><p>Yal\u0131kavak\u2019ta evinizi satmak, almak veya yat\u0131r\u0131m yapmak i\u00e7in do\u011fru adres buras\u0131. Daha fazla bilgi almak veya bir g\u00f6r\u00fc\u015fme ayarlamak i\u00e7in hemen bizimle ileti\u015fime ge\u00e7in!<\/p>\t\t\t\t\t\t\t\t<\/div>\n\t\t\t\t<\/div>\n\t\t\t\t\t<\/div>\n\t\t\t\t<\/div>\n\t\t<div class=\"elementor-element elementor-element-e3a9805 e-con-full e-flex e-con e-parent\" data-id=\"e3a9805\" data-element_type=\"container\">\n\t\t\t\t<div class=\"elementor-element elementor-element-9309ebd elementor-widget elementor-widget-qi_addons_for_elementor_button\" data-id=\"9309ebd\" data-element_type=\"widget\" data-widget_type=\"qi_addons_for_elementor_button.default\">\n\t\t\t\t<div class=\"elementor-widget-container\">\n\t\t\t\t\t<a class=\"qodef-shortcode qodef-m  qodef-qi-button qodef-html--link qodef-layout--filled qodef-type--standard   qodef-icon--right qodef-hover--icon-move-horizontal-short     \" href=\"\" target=\"_self\">\n\t<span class=\"qodef-m-text\">Deniz<\/span>\n\t\t<span class=\"qodef-m-icon \">\n\t\t<span class=\"qodef-m-icon-inner\">\n\t\t\t<svg aria-hidden=\"true\" class=\"e-font-icon-svg e-fas-phone-alt\" viewBox=\"0 0 512 512\" xmlns=\"http:\/\/www.w3.org\/2000\/svg\"><path d=\"M497.39 361.8l-112-48a24 24 0 0 0-28 6.9l-49.6 60.6A370.66 370.66 0 0 1 130.6 204.11l60.6-49.6a23.94 23.94 0 0 0 6.9-28l-48-112A24.16 24.16 0 0 0 122.6.61l-104 24A24 24 0 0 0 0 48c0 256.5 207.9 464 464 464a24 24 0 0 0 23.4-18.6l24-104a24.29 24.29 0 0 0-14.01-27.6z\"><\/path><\/svg>\t\t\t\t\t<\/span>\n\t<\/span>\n<\/a>\n\t\t\t\t<\/div>\n\t\t\t\t<\/div>\n\t\t\t\t<div class=\"elementor-element elementor-element-913e534 elementor-widget elementor-widget-qi_addons_for_elementor_button\" data-id=\"913e534\" data-element_type=\"widget\" data-widget_type=\"qi_addons_for_elementor_button.default\">\n\t\t\t\t<div class=\"elementor-widget-container\">\n\t\t\t\t\t<a class=\"qodef-shortcode qodef-m  qodef-qi-button qodef-html--link qodef-layout--filled qodef-type--standard   qodef-icon--right qodef-hover--icon-move-horizontal-short     \" href=\"\" target=\"_self\">\n\t<span class=\"qodef-m-text\">Ali<\/span>\n\t\t<span class=\"qodef-m-icon \">\n\t\t<span class=\"qodef-m-icon-inner\">\n\t\t\t<svg aria-hidden=\"true\" class=\"e-font-icon-svg e-fas-phone-alt\" viewBox=\"0 0 512 512\" xmlns=\"http:\/\/www.w3.org\/2000\/svg\"><path d=\"M497.39 361.8l-112-48a24 24 0 0 0-28 6.9l-49.6 60.6A370.66 370.66 0 0 1 130.6 204.11l60.6-49.6a23.94 23.94 0 0 0 6.9-28l-48-112A24.16 24.16 0 0 0 122.6.61l-104 24A24 24 0 0 0 0 48c0 256.5 207.9 464 464 464a24 24 0 0 0 23.4-18.6l24-104a24.29 24.29 0 0 0-14.01-27.6z\"><\/path><\/svg>\t\t\t\t\t<\/span>\n\t<\/span>\n<\/a>\n\t\t\t\t<\/div>\n\t\t\t\t<\/div>\n\t\t\t\t<div class=\"elementor-element elementor-element-902fedb elementor-widget elementor-widget-qi_addons_for_elementor_button\" data-id=\"902fedb\" data-element_type=\"widget\" data-widget_type=\"qi_addons_for_elementor_button.default\">\n\t\t\t\t<div class=\"elementor-widget-container\">\n\t\t\t\t\t<a class=\"qodef-shortcode qodef-m  qodef-qi-button qodef-html--link qodef-layout--filled qodef-type--standard   qodef-icon--right qodef-hover--icon-move-horizontal-short     \" href=\"mailto:deniz@yalikavak.com\" target=\"_self\">\n\t<span class=\"qodef-m-text\">Deniz<\/span>\n\t\t<span class=\"qodef-m-icon \">\n\t\t<span class=\"qodef-m-icon-inner\">\n\t\t\t<svg aria-hidden=\"true\" class=\"e-font-icon-svg e-fas-mail-bulk\" viewBox=\"0 0 576 512\" xmlns=\"http:\/\/www.w3.org\/2000\/svg\"><path d=\"M160 448c-25.6 0-51.2-22.4-64-32-64-44.8-83.2-60.8-96-70.4V480c0 17.67 14.33 32 32 32h256c17.67 0 32-14.33 32-32V345.6c-12.8 9.6-32 25.6-96 70.4-12.8 9.6-38.4 32-64 32zm128-192H32c-17.67 0-32 14.33-32 32v16c25.6 19.2 22.4 19.2 115.2 86.4 9.6 6.4 28.8 25.6 44.8 25.6s35.2-19.2 44.8-22.4c92.8-67.2 89.6-67.2 115.2-86.4V288c0-17.67-14.33-32-32-32zm256-96H224c-17.67 0-32 14.33-32 32v32h96c33.21 0 60.59 25.42 63.71 57.82l.29-.22V416h192c17.67 0 32-14.33 32-32V192c0-17.67-14.33-32-32-32zm-32 128h-64v-64h64v64zm-352-96c0-35.29 28.71-64 64-64h224V32c0-17.67-14.33-32-32-32H96C78.33 0 64 14.33 64 32v192h96v-32z\"><\/path><\/svg>\t\t\t\t\t<\/span>\n\t<\/span>\n<\/a>\n\t\t\t\t<\/div>\n\t\t\t\t<\/div>\n\t\t\t\t<div class=\"elementor-element elementor-element-25012ab elementor-widget elementor-widget-qi_addons_for_elementor_button\" data-id=\"25012ab\" data-element_type=\"widget\" data-widget_type=\"qi_addons_for_elementor_button.default\">\n\t\t\t\t<div class=\"elementor-widget-container\">\n\t\t\t\t\t<a class=\"qodef-shortcode qodef-m  qodef-qi-button qodef-html--link qodef-layout--filled qodef-type--standard   qodef-icon--right qodef-hover--icon-move-horizontal-short     \" href=\"https:\/\/wa.me\/+905377176787\" target=\"_self\">\n\t<span class=\"qodef-m-text\">Ali<\/span>\n\t\t<span class=\"qodef-m-icon \">\n\t\t<span class=\"qodef-m-icon-inner\">\n\t\t\t<svg aria-hidden=\"true\" class=\"e-font-icon-svg e-fab-whatsapp\" viewBox=\"0 0 448 512\" xmlns=\"http:\/\/www.w3.org\/2000\/svg\"><path d=\"M380.9 97.1C339 55.1 283.2 32 223.9 32c-122.4 0-222 99.6-222 222 0 39.1 10.2 77.3 29.6 111L0 480l117.7-30.9c32.4 17.7 68.9 27 106.1 27h.1c122.3 0 224.1-99.6 224.1-222 0-59.3-25.2-115-67.1-157zm-157 341.6c-33.2 0-65.7-8.9-94-25.7l-6.7-4-69.8 18.3L72 359.2l-4.4-7c-18.5-29.4-28.2-63.3-28.2-98.2 0-101.7 82.8-184.5 184.6-184.5 49.3 0 95.6 19.2 130.4 54.1 34.8 34.9 56.2 81.2 56.1 130.5 0 101.8-84.9 184.6-186.6 184.6zm101.2-138.2c-5.5-2.8-32.8-16.2-37.9-18-5.1-1.9-8.8-2.8-12.5 2.8-3.7 5.6-14.3 18-17.6 21.8-3.2 3.7-6.5 4.2-12 1.4-32.6-16.3-54-29.1-75.5-66-5.7-9.8 5.7-9.1 16.3-30.3 1.8-3.7.9-6.9-.5-9.7-1.4-2.8-12.5-30.1-17.1-41.2-4.5-10.8-9.1-9.3-12.5-9.5-3.2-.2-6.9-.2-10.6-.2-3.7 0-9.7 1.4-14.8 6.9-5.1 5.6-19.4 19-19.4 46.3 0 27.3 19.9 53.7 22.6 57.4 2.8 3.7 39.1 59.7 94.8 83.8 35.2 15.2 49 16.5 66.6 13.9 10.7-1.6 32.8-13.4 37.4-26.4 4.6-13 4.6-24.1 3.2-26.4-1.3-2.5-5-3.9-10.5-6.6z\"><\/path><\/svg>\t\t\t\t\t<\/span>\n\t<\/span>\n<\/a>\n\t\t\t\t<\/div>\n\t\t\t\t<\/div>\n\t\t\t\t<\/div>\n\t\t\t\t<\/div>\n\t\t","protected":false},"excerpt":{"rendered":"<p>Hizmetlerimiz; sizin i\u00e7in buraday\u0131z. Yalikavak.com, 23 y\u0131ll\u0131k yerel uzmanl\u0131\u011f\u0131yla Yal\u0131kavak b\u00f6lgesinde g\u00fcvenilir bir rehberdir. B\u00f6lgenin inceliklerini bilen ekibimiz, hem ev sahipleri hem de yat\u0131r\u0131mc\u0131lar i\u00e7in do\u011fru \u00e7\u00f6z\u00fcmler sunar. Yerel bilgi birikimimizle, Yal\u0131kavak\u2019ta hayallerinizdeki ya\u015fam\u0131 ger\u00e7e\u011fe d\u00f6n\u00fc\u015ft\u00fcrmek i\u00e7in buraday\u0131z! Yal\u0131kavak: Evinizi Bulmadan \u00d6nce B\u00f6lgeyi Ke\u015ffedin Yal\u0131kavak\u2019\u0131 anlamak, burada bir hayat kurman\u0131n ilk ad\u0131m\u0131d\u0131r. \u0130ster b\u00f6lgenin gizli [&hellip;]<\/p>\n","protected":false},"author":5,"featured_media":0,"parent":0,"menu_order":0,"comment_status":"closed","ping_status":"closed","template":"template\/template-homepage.php","meta":{"footnotes":""},"class_list":["post-23015","page","type-page","status-publish","hentry"],"_links":{"self":[{"href":"https:\/\/yalikavak.com\/tr\/wp-json\/wp\/v2\/pages\/23015","targetHints":{"allow":["GET"]}}],"collection":[{"href":"https:\/\/yalikavak.com\/tr\/wp-json\/wp\/v2\/pages"}],"about":[{"href":"https:\/\/yalikavak.com\/tr\/wp-json\/wp\/v2\/types\/page"}],"author":[{"embeddable":true,"href":"https:\/\/yalikavak.com\/tr\/wp-json\/wp\/v2\/users\/5"}],"replies":[{"embeddable":true,"href":"https:\/\/yalikavak.com\/tr\/wp-json\/wp\/v2\/comments?post=23015"}],"version-history":[{"count":0,"href":"https:\/\/yalikavak.com\/tr\/wp-json\/wp\/v2\/pages\/23015\/revisions"}],"wp:attachment":[{"href":"https:\/\/yalikavak.com\/tr\/wp-json\/wp\/v2\/media?parent=23015"}],"curies":[{"name":"wp","href":"https:\/\/api.w.org\/{rel}","templated":true}]}}