{"id":21702,"date":"2024-10-14T13:20:40","date_gmt":"2024-10-14T13:20:40","guid":{"rendered":"https:\/\/www.yalikavak.com\/bolgeler\/"},"modified":"2025-01-06T07:43:32","modified_gmt":"2025-01-06T07:43:32","slug":"bolgeler","status":"publish","type":"page","link":"https:\/\/yalikavak.com\/tr\/bolgeler\/","title":{"rendered":"B\u00f6lgeler"},"content":{"rendered":"\t\t<div data-elementor-type=\"wp-page\" data-elementor-id=\"21702\" class=\"elementor elementor-21702 elementor-17688\" data-elementor-post-type=\"page\">\n\t\t\t\t<div class=\"elementor-element elementor-element-36ddca4 e-flex e-con-boxed e-con e-parent\" data-id=\"36ddca4\" data-element_type=\"container\">\n\t\t\t\t\t<div class=\"e-con-inner\">\n\t\t\t\t<div class=\"elementor-element elementor-element-3f07636 elementor-widget elementor-widget-search\" data-id=\"3f07636\" data-element_type=\"widget\" data-settings=\"{&quot;submit_trigger&quot;:&quot;click_submit&quot;,&quot;pagination_type_options&quot;:&quot;none&quot;}\" data-widget_type=\"search.default\">\n\t\t\t\t<div class=\"elementor-widget-container\">\n\t\t\t\t\t\t\t<search class=\"e-search hidden\" role=\"search\">\n\t\t\t<form class=\"e-search-form\" action=\"https:\/\/yalikavak.com\/tr\/\" method=\"get\">\n\n\t\t\t\t\n\t\t\t\t<label class=\"e-search-label\" for=\"search-3f07636\">\n\t\t\t\t\t<span class=\"elementor-screen-only\">\n\t\t\t\t\t\tAra\t\t\t\t\t<\/span>\n\t\t\t\t\t\t\t\t\t<\/label>\n\n\t\t\t\t<div class=\"e-search-input-wrapper\">\n\t\t\t\t\t<input id=\"search-3f07636\" placeholder=\"Arama yapmak i\u00e7in yazmaya ba\u015flay\u0131n\" class=\"e-search-input\" type=\"search\" name=\"s\" value=\"\" autocomplete=\"off\" role=\"combobox\" aria-autocomplete=\"list\" aria-expanded=\"false\" aria-controls=\"results-3f07636\" aria-haspopup=\"listbox\">\n\t\t\t\t\t<svg aria-hidden=\"true\" class=\"e-font-icon-svg e-fas-times\" viewBox=\"0 0 352 512\" xmlns=\"http:\/\/www.w3.org\/2000\/svg\"><path d=\"M242.72 256l100.07-100.07c12.28-12.28 12.28-32.19 0-44.48l-22.24-22.24c-12.28-12.28-32.19-12.28-44.48 0L176 189.28 75.93 89.21c-12.28-12.28-32.19-12.28-44.48 0L9.21 111.45c-12.28 12.28-12.28 32.19 0 44.48L109.28 256 9.21 356.07c-12.28 12.28-12.28 32.19 0 44.48l22.24 22.24c12.28 12.28 32.2 12.28 44.48 0L176 322.72l100.07 100.07c12.28 12.28 32.2 12.28 44.48 0l22.24-22.24c12.28-12.28 12.28-32.19 0-44.48L242.72 256z\"><\/path><\/svg>\t\t\t\t\t\t\t\t\t\t<output id=\"results-3f07636\" class=\"e-search-results-container hide-loader\" aria-live=\"polite\" aria-atomic=\"true\" aria-label=\"Results for search\" tabindex=\"0\">\n\t\t\t\t\t\t<div class=\"e-search-results\"><\/div>\n\t\t\t\t\t\t\t\t\t\t\t<\/output>\n\t\t\t\t\t\t\t\t\t<\/div>\n\t\t\t\t\n\t\t\t\t\n\t\t\t\t<button class=\"e-search-submit  \" type=\"submit\">\n\t\t\t\t\t<svg aria-hidden=\"true\" class=\"e-font-icon-svg e-fas-search\" viewBox=\"0 0 512 512\" xmlns=\"http:\/\/www.w3.org\/2000\/svg\"><path d=\"M505 442.7L405.3 343c-4.5-4.5-10.6-7-17-7H372c27.6-35.3 44-79.7 44-128C416 93.1 322.9 0 208 0S0 93.1 0 208s93.1 208 208 208c48.3 0 92.7-16.4 128-44v16.3c0 6.4 2.5 12.5 7 17l99.7 99.7c9.4 9.4 24.6 9.4 33.9 0l28.3-28.3c9.4-9.4 9.4-24.6.1-34zM208 336c-70.7 0-128-57.2-128-128 0-70.7 57.2-128 128-128 70.7 0 128 57.2 128 128 0 70.7-57.2 128-128 128z\"><\/path><\/svg>\n\t\t\t\t\t<span class=\"\">\n\t\t\t\t\t\tAra\t\t\t\t\t<\/span>\n\t\t\t\t<\/button>\n\t\t\t\t<input type=\"hidden\" name=\"e_search_props\" value=\"3f07636-21702\">\n\t\t\t<\/form>\n\t\t<\/search>\n\t\t\t\t\t\t<\/div>\n\t\t\t\t<\/div>\n\t\t\t\t<div class=\"elementor-element elementor-element-c0adea6 elementor-widget elementor-widget-houzez_elementor_blog_posts\" data-id=\"c0adea6\" data-element_type=\"widget\" data-widget_type=\"houzez_elementor_blog_posts.default\">\n\t\t\t\t<div class=\"elementor-widget-container\">\n\t\t\t\t\t\n        <div class=\"blog-posts-module blog-posts-module-v1\">\n            <div class=\"row module-row\">\n                                    <div class=\"col-lg-6 col-md-6\">\n                        <div id=\"post-24138\" class=\"blog-post-item blog-post-item-v1 post-24138 post type-post status-publish format-standard has-post-thumbnail hentry category-uncategorized-tr\">\n\t\n\t\t<div class=\"blog-post-thumb\">\n\t\t<a href=\"https:\/\/yalikavak.com\/tr\/turkiyenin-en-degerli-konutlari-dogru-adimlarla-yatirim-yapin\/\" class=\"hover-effect\">\n\t\t\t<img fetchpriority=\"high\" decoding=\"async\" width=\"450\" height=\"300\" src=\"https:\/\/yalikavak.com\/wp-content\/uploads\/2025\/01\/YalikavakMarina-1.webp\" class=\"img-fluid wp-post-image\" alt=\"\" srcset=\"https:\/\/yalikavak.com\/wp-content\/uploads\/2025\/01\/YalikavakMarina-1.webp 450w, https:\/\/yalikavak.com\/wp-content\/uploads\/2025\/01\/YalikavakMarina-1-300x200.webp 300w\" sizes=\"(max-width: 450px) 100vw, 450px\" \/>\t\t<\/a>\n\t<\/div><!-- blog-post-thumb -->\n\t\n\t<div class=\"blog-post-content-wrap\">\n\t\t<div class=\"blog-post-meta\">\n\t\t\t<ul class=\"list-inline\">\n\t\t\t\t\n\t\t\t\t\n\t\t\t<\/ul>\n\t\t<\/div><!-- blog-post-meta -->\n\t\t<div class=\"blog-post-title\">\n\t\t\t<h3><a href=\"https:\/\/yalikavak.com\/tr\/turkiyenin-en-degerli-konutlari-dogru-adimlarla-yatirim-yapin\/\">T\u00fcrkiye\u2019nin En De\u011ferli Konutlar\u0131: Do\u011fru Ad\u0131mlarla Yat\u0131r\u0131m Yap\u0131n<\/a><\/h3>\n\t\t<\/div><!-- blog-post-title -->\n\t\t<div class=\"blog-post-body\">\n\t\t\tT\u00fcrkiye\u2019nin En De\u011ferli Konutlar\u0131: Do\u011fru Ad\u0131mlarla Yat\u0131r\u0131m...\t\t<\/div><!-- blog-post-body -->\n\t\t<div class=\"blog-post-link\">\n\t\t\t<a href=\"https:\/\/yalikavak.com\/tr\/turkiyenin-en-degerli-konutlari-dogru-adimlarla-yatirim-yapin\/\">okumaya devam et<\/a>\n\t\t<\/div><!-- blog-post-link -->\n\t<\/div><!-- blog-post-content-wrap -->\n\t<\/div><!-- blog-post-item -->                    <\/div>\n                                    <div class=\"col-lg-6 col-md-6\">\n                        <div id=\"post-22969\" class=\"blog-post-item blog-post-item-v1 post-22969 post type-post status-publish format-standard hentry category-gumusluk-tr category-gundogan-tr category-yalikavak-tr\">\n\t\n\t\n\t<div class=\"blog-post-content-wrap\">\n\t\t<div class=\"blog-post-meta\">\n\t\t\t<ul class=\"list-inline\">\n\t\t\t\t\n\t\t\t\t\n\t\t\t<\/ul>\n\t\t<\/div><!-- blog-post-meta -->\n\t\t<div class=\"blog-post-title\">\n\t\t\t<h3><a href=\"https:\/\/yalikavak.com\/tr\/turklerin-bodruma-yonelisi-modern-yasam-ve-doganin-bulustugu-nokta\/\">T\u00fcrklerin Bodrum&#8217;a Y\u00f6neli\u015fi: Modern Ya\u015fam ve Do\u011fan\u0131n Bulu\u015ftu\u011fu Nokta<\/a><\/h3>\n\t\t<\/div><!-- blog-post-title -->\n\t\t<div class=\"blog-post-body\">\n\t\t\tBodrum'un Cazibesi: Neden T\u00fcrkler Bodrum'a Ta\u015f\u0131n\u0131yor? Modern ve \u00c7ok K\u00fclt\u00fcrl\u00fc...\t\t<\/div><!-- blog-post-body -->\n\t\t<div class=\"blog-post-link\">\n\t\t\t<a href=\"https:\/\/yalikavak.com\/tr\/turklerin-bodruma-yonelisi-modern-yasam-ve-doganin-bulustugu-nokta\/\">okumaya devam et<\/a>\n\t\t<\/div><!-- blog-post-link -->\n\t<\/div><!-- blog-post-content-wrap -->\n\t<\/div><!-- blog-post-item -->                    <\/div>\n                            <\/div>\n        <\/div>\n\n        \t\t\t\t<\/div>\n\t\t\t\t<\/div>\n\t\t\t\t\t<\/div>\n\t\t\t\t<\/div>\n\t\t\t\t<\/div>\n\t\t","protected":false},"excerpt":{"rendered":"<p>&nbsp; Search Ara Authentic Mussels at Midyeci \u015eehmus Usta in G\u00fcndo\u011fan Located in G\u00fcndo\u011fan, Bodrum, Midyeci \u015eehmus Usta&#8217;s establishment is a culinary haven for&#8230; Continue reading More accesible from the UK than ever \u2013 From \u00a329.99 one way! More recently, major European carriers have expanded their operations to the country, offering&#8230; Continue reading Yal\u0131kavak\u2019s Hidden [&hellip;]<\/p>\n","protected":false},"author":1,"featured_media":0,"parent":0,"menu_order":0,"comment_status":"closed","ping_status":"closed","template":"","meta":{"footnotes":""},"class_list":["post-21702","page","type-page","status-publish","hentry"],"_links":{"self":[{"href":"https:\/\/yalikavak.com\/tr\/wp-json\/wp\/v2\/pages\/21702","targetHints":{"allow":["GET"]}}],"collection":[{"href":"https:\/\/yalikavak.com\/tr\/wp-json\/wp\/v2\/pages"}],"about":[{"href":"https:\/\/yalikavak.com\/tr\/wp-json\/wp\/v2\/types\/page"}],"author":[{"embeddable":true,"href":"https:\/\/yalikavak.com\/tr\/wp-json\/wp\/v2\/users\/1"}],"replies":[{"embeddable":true,"href":"https:\/\/yalikavak.com\/tr\/wp-json\/wp\/v2\/comments?post=21702"}],"version-history":[{"count":0,"href":"https:\/\/yalikavak.com\/tr\/wp-json\/wp\/v2\/pages\/21702\/revisions"}],"wp:attachment":[{"href":"https:\/\/yalikavak.com\/tr\/wp-json\/wp\/v2\/media?parent=21702"}],"curies":[{"name":"wp","href":"https:\/\/api.w.org\/{rel}","templated":true}]}}